{"id":42,"date":"2025-10-08T20:12:36","date_gmt":"2025-10-08T20:12:36","guid":{"rendered":"https:\/\/inovaitech.com\/?page_id=42"},"modified":"2025-10-19T22:50:52","modified_gmt":"2025-10-19T20:50:52","slug":"home","status":"publish","type":"page","link":"https:\/\/inovaitech.com\/es\/","title":{"rendered":""},"content":{"rendered":"<div class=\"wp-block-cover alignfull wp-duotone-unset-2\" style=\"margin-top:0;padding-top:75px;padding-right:71px;padding-bottom:75px;padding-left:71px;min-height:444px;aspect-ratio:unset;\"><img loading=\"lazy\" decoding=\"async\" width=\"1600\" height=\"800\" class=\"wp-block-cover__image-background wp-image-57 size-full\" alt=\"\" src=\"https:\/\/inovaitech.com\/wp-content\/uploads\/2025\/10\/slanted-gradient.png\" style=\"object-position:0% 0%\" data-object-fit=\"cover\" data-object-position=\"0% 0%\" srcset=\"https:\/\/inovaitech.com\/wp-content\/uploads\/2025\/10\/slanted-gradient.png 1600w, https:\/\/inovaitech.com\/wp-content\/uploads\/2025\/10\/slanted-gradient-300x150.png 300w, https:\/\/inovaitech.com\/wp-content\/uploads\/2025\/10\/slanted-gradient-1024x512.png 1024w, https:\/\/inovaitech.com\/wp-content\/uploads\/2025\/10\/slanted-gradient-768x384.png 768w, https:\/\/inovaitech.com\/wp-content\/uploads\/2025\/10\/slanted-gradient-1536x768.png 1536w\" sizes=\"auto, (max-width: 1600px) 100vw, 1600px\" \/><span aria-hidden=\"true\" class=\"wp-block-cover__background has-background-dim-0 has-background-dim\"><\/span><div class=\"wp-block-cover__inner-container is-layout-flow wp-block-cover-is-layout-flow\">\n<div class=\"wp-block-group\"><div class=\"wp-block-group__inner-container is-layout-constrained wp-block-group-is-layout-constrained\">\n<h2 class=\"wp-block-heading alignfull has-text-align-left has-white-color has-text-color\" style=\"padding-top:0;padding-right:6.6rem;padding-bottom:0;padding-left:1rem;font-size:71px;font-style:normal;font-weight:400;letter-spacing:0px;line-height:1;text-transform:uppercase\">Herramientas de IA m\u00e1s inteligentes.<br>Perspectivas tecnol\u00f3gicas claras.<\/h2>\n\n\n\n<div style=\"height:42px;width:0px\" aria-hidden=\"true\" class=\"wp-block-spacer\"><\/div>\n\n\n\n<h4 class=\"wp-block-heading alignfull has-text-align-center has-nv-site-bg-color has-text-color has-link-color wp-elements-468839a1b5eb0597ab26036ebbb6bad1\" style=\"font-size:16px\">Descubra herramientas de IA pr\u00e1cticas, tutoriales y tendencias tecnol\u00f3gicas simplificadas.<\/h4>\n<\/div><\/div>\n\n\n\n<div class=\"wp-block-buttons alignfull is-content-justification-center is-nowrap is-layout-flex wp-container-core-buttons-is-layout-1fb9aab6 wp-block-buttons-is-layout-flex\">\n<div class=\"wp-block-button has-custom-width wp-block-button__width-50 is-style-outline is-style-outline--1\"><a class=\"wp-block-button__link has-nv-light-bg-color has-text-color has-text-align-left has-custom-font-size wp-element-button\" href=\"https:\/\/inovaitech.com\/es\/blog\/\" style=\"border-width:2px;border-radius:100px;padding-top:13px;padding-right:0px;padding-bottom:13px;padding-left:0px;font-size:11px;font-style:normal;font-weight:600;letter-spacing:0px;text-transform:uppercase\">Explorar art\u00edculos<\/a><\/div>\n<\/div>\n<\/div><\/div>\n\n\n\n<div style=\"height:70px\" aria-hidden=\"true\" class=\"wp-block-spacer\"><\/div>\n\n\n\n<h1 class=\"wp-block-heading\">InovAItech: Explorando el futuro de la inteligencia artificial y la tecnolog\u00eda<\/h1>\n\n\n\n<p>Bienvenido a <strong>Tecnolog\u00eda InovAI<\/strong> \u2014 un espacio donde la curiosidad se encuentra con la innovaci\u00f3n. Nuestro objetivo es hacer <strong>inteligencia artificial<\/strong>, <strong>tecnolog\u00eda<\/strong>, y <strong>innovaci\u00f3n<\/strong> Accesible para todos. Aqu\u00ed descubrir\u00e1s historias, herramientas y avances que est\u00e1n transformando el mundo digital y redefiniendo c\u00f3mo vivimos, aprendemos y creamos.<\/p>\n\n\n\n<h2 class=\"wp-block-heading\">Descubra el poder de la inteligencia artificial<\/h2>\n\n\n\n<p>La inteligencia artificial ya no es un concepto del futuro; es el motor de las transformaciones m\u00e1s emocionantes de la actualidad. En InovAItech, explicamos c\u00f3mo se utiliza la IA en la vida cotidiana, desde los asistentes inteligentes hasta la investigaci\u00f3n de vanguardia. Nuestra misi\u00f3n es ayudarle a comprender c\u00f3mo funcionan estas tecnolog\u00edas y c\u00f3mo pueden hacer que su mundo sea m\u00e1s inteligente y eficiente.<\/p><div class=\"inova-contenido\" id=\"inova-1772055242\"><script async src=\"\/\/pagead2.googlesyndication.com\/pagead\/js\/adsbygoogle.js?client=ca-pub-3819610652573424\" crossorigin=\"anonymous\"><\/script><ins class=\"adsbygoogle\" style=\"display:block; text-align:center;\" data-ad-client=\"ca-pub-3819610652573424\" \ndata-ad-slot=\"7238266388\" \ndata-ad-layout=\"in-article\"\ndata-ad-format=\"fluid\"><\/ins>\n<script> \n(adsbygoogle = window.adsbygoogle || []).push({}); \n<\/script>\n<\/div>\n\n\n\n<h2 class=\"wp-block-heading\">Tecnolog\u00eda que inspira<\/h2>\n\n\n\n<p>La tecnolog\u00eda evoluciona m\u00e1s r\u00e1pido que nunca, conectando personas e ideas en todo el mundo. Exploramos innovaciones que van m\u00e1s all\u00e1 de los dispositivos, desde la tecnolog\u00eda sostenible y la rob\u00f3tica hasta la creatividad basada en datos. Cada art\u00edculo est\u00e1 dise\u00f1ado para inspirar y mostrar c\u00f3mo la tecnolog\u00eda puede empoderar a personas, empresas y comunidades.<\/p>\n\n\n\n<h2 class=\"wp-block-heading\">Innovaci\u00f3n para todos<\/h2>\n\n\n\n<p>La innovaci\u00f3n no es solo para expertos, sino para todos aquellos que se preguntan &quot;\u00bfqu\u00e9 sigue?&quot;. Mediante contenido accesible y atractivo, conectamos la tecnolog\u00eda compleja con las aplicaciones pr\u00e1cticas. Ya seas estudiante, profesional o simplemente alguien con curiosidad por el futuro digital, InovAItech te ofrece las herramientas y los conocimientos necesarios para mantenerte a la vanguardia.<\/p>\n\n\n\n<h2 class=\"wp-block-heading\">\u00danase a la comunidad InovAItech<\/h2>\n\n\n\n<p>Sigue nuestros \u00faltimos art\u00edculos, gu\u00edas y descubrimientos de IA para estar al d\u00eda con las tendencias que definen el futuro. Juntos, exploremos c\u00f3mo... <strong>tecnolog\u00eda<\/strong> y <strong>innovaci\u00f3n<\/strong> Est\u00e1n transformando el mundo, una idea a la vez.<\/p>\n\n\n\n<div class=\"wp-block-query is-layout-flow wp-block-query-is-layout-flow\"><ul class=\"wp-block-post-template is-layout-flow wp-block-post-template-is-layout-flow\"><li class=\"wp-block-post post-758 post type-post status-publish format-standard has-post-thumbnail hentry category-technology tag-algorithm-transparency tag-artificial-intelligence tag-data-security tag-energy-efficiency tag-green-tech tag-machine-learning tag-renewable-energy tag-resource-management tag-sustainability\">\n\n<div class=\"wp-block-columns alignwide is-layout-flex wp-container-core-columns-is-layout-9d6595d7 wp-block-columns-is-layout-flex\">\n<div class=\"wp-block-column is-layout-flow wp-block-column-is-layout-flow\" style=\"flex-basis:33.33%\"><figure style=\"width:100%;height:100%;\" class=\"wp-block-post-featured-image\"><a href=\"https:\/\/inovaitech.com\/es\/artificial-intelligence-revolutionary-green-tech-solution\/\" target=\"_self\"  style=\"height:100%\"><img loading=\"lazy\" decoding=\"async\" width=\"1024\" height=\"1024\" src=\"https:\/\/inovaitech.com\/wp-content\/uploads\/2025\/11\/create-a-visually-artistic-atmospheric-featured-i-1763577921.png\" class=\"attachment-post-thumbnail size-post-thumbnail wp-post-image\" alt=\"Artificial Intelligence: Revolutionary Green Tech Solution\" style=\"height:100%;object-fit:contain;\" srcset=\"https:\/\/inovaitech.com\/wp-content\/uploads\/2025\/11\/create-a-visually-artistic-atmospheric-featured-i-1763577921.png 1024w, https:\/\/inovaitech.com\/wp-content\/uploads\/2025\/11\/create-a-visually-artistic-atmospheric-featured-i-1763577921-300x300.png 300w, https:\/\/inovaitech.com\/wp-content\/uploads\/2025\/11\/create-a-visually-artistic-atmospheric-featured-i-1763577921-150x150.png 150w, https:\/\/inovaitech.com\/wp-content\/uploads\/2025\/11\/create-a-visually-artistic-atmospheric-featured-i-1763577921-768x768.png 768w, https:\/\/inovaitech.com\/wp-content\/uploads\/2025\/11\/create-a-visually-artistic-atmospheric-featured-i-1763577921-12x12.png 12w\" sizes=\"auto, (max-width: 1024px) 100vw, 1024px\" \/><\/a><\/figure><\/div>\n\n\n\n<div class=\"wp-block-column is-vertically-aligned-center is-layout-flow wp-block-column-is-layout-flow\" style=\"flex-basis:66.66%\"><h2 class=\"wp-block-post-title\"><a href=\"https:\/\/inovaitech.com\/es\/artificial-intelligence-revolutionary-green-tech-solution\/\" target=\"_self\" >Inteligencia Artificial: Una soluci\u00f3n revolucionaria de tecnolog\u00eda verde<\/a><\/h2>\n\n<div class=\"wp-block-post-excerpt\"><p class=\"wp-block-post-excerpt__excerpt\">Descubra c\u00f3mo la inteligencia artificial (IA) est\u00e1 revolucionando las soluciones de tecnolog\u00eda verde, ofreciendo herramientas innovadoras para abordar los desaf\u00edos de sostenibilidad al tiempo que mejora la eficiencia energ\u00e9tica y la gesti\u00f3n de recursos.<\/p><p class=\"wp-block-post-excerpt__more-text\"><a class=\"wp-block-post-excerpt__more-link\" href=\"https:\/\/inovaitech.com\/es\/artificial-intelligence-revolutionary-green-tech-solution\/\"><br>Leer m\u00e1s\u2026<\/a><\/p><\/div><\/div>\n<\/div>\n\n<\/li><li class=\"wp-block-post post-755 post type-post status-publish format-standard has-post-thumbnail hentry category-technology tag-ai-powered-solutions tag-artificial-intelligence tag-blockchain tag-blockchain-technology tag-emerging-technologies tag-innovation tag-internet-of-things tag-iot tag-startups tag-technology\">\n\n<div class=\"wp-block-columns alignwide is-layout-flex wp-container-core-columns-is-layout-9d6595d7 wp-block-columns-is-layout-flex\">\n<div class=\"wp-block-column is-layout-flow wp-block-column-is-layout-flow\" style=\"flex-basis:33.33%\"><figure style=\"width:100%;height:100%;\" class=\"wp-block-post-featured-image\"><a href=\"https:\/\/inovaitech.com\/es\/technology-trends-pioneering-innovations-in-startups\/\" target=\"_self\"  style=\"height:100%\"><img loading=\"lazy\" decoding=\"async\" width=\"1024\" height=\"1024\" src=\"https:\/\/inovaitech.com\/wp-content\/uploads\/2025\/11\/create-a-futuristic-high-quality-featured-image-f-1763577334.png\" class=\"attachment-post-thumbnail size-post-thumbnail wp-post-image\" alt=\"Technology Trends: Pioneering Innovations in Startups\" style=\"height:100%;object-fit:contain;\" srcset=\"https:\/\/inovaitech.com\/wp-content\/uploads\/2025\/11\/create-a-futuristic-high-quality-featured-image-f-1763577334.png 1024w, https:\/\/inovaitech.com\/wp-content\/uploads\/2025\/11\/create-a-futuristic-high-quality-featured-image-f-1763577334-300x300.png 300w, https:\/\/inovaitech.com\/wp-content\/uploads\/2025\/11\/create-a-futuristic-high-quality-featured-image-f-1763577334-150x150.png 150w, https:\/\/inovaitech.com\/wp-content\/uploads\/2025\/11\/create-a-futuristic-high-quality-featured-image-f-1763577334-768x768.png 768w, https:\/\/inovaitech.com\/wp-content\/uploads\/2025\/11\/create-a-futuristic-high-quality-featured-image-f-1763577334-12x12.png 12w\" sizes=\"auto, (max-width: 1024px) 100vw, 1024px\" \/><\/a><\/figure><\/div>\n\n\n\n<div class=\"wp-block-column is-vertically-aligned-center is-layout-flow wp-block-column-is-layout-flow\" style=\"flex-basis:66.66%\"><h2 class=\"wp-block-post-title\"><a href=\"https:\/\/inovaitech.com\/es\/technology-trends-pioneering-innovations-in-startups\/\" target=\"_self\" >Tendencias tecnol\u00f3gicas: Innovaciones pioneras en startups<\/a><\/h2>\n\n<div class=\"wp-block-post-excerpt\"><p class=\"wp-block-post-excerpt__excerpt\">Ad\u00e9ntrate en el mundo de las tendencias tecnol\u00f3gicas y las innovaciones pioneras en startups, donde las soluciones de vanguardia est\u00e1n transformando el futuro de las industrias. Mantente a la cabeza adoptando estos avances y descubriendo nuevas oportunidades de crecimiento y eficiencia.<\/p><p class=\"wp-block-post-excerpt__more-text\"><a class=\"wp-block-post-excerpt__more-link\" href=\"https:\/\/inovaitech.com\/es\/technology-trends-pioneering-innovations-in-startups\/\"><br>Leer m\u00e1s\u2026<\/a><\/p><\/div><\/div>\n<\/div>\n\n<\/li><li class=\"wp-block-post post-752 post type-post status-publish format-standard has-post-thumbnail hentry category-technology tag-ai tag-automation tag-automation-brilliance tag-future tag-innovation tag-job-displacement tag-machine-learning tag-neural-networks tag-society-impacts\">\n\n<div class=\"wp-block-columns alignwide is-layout-flex wp-container-core-columns-is-layout-9d6595d7 wp-block-columns-is-layout-flex\">\n<div class=\"wp-block-column is-layout-flow wp-block-column-is-layout-flow\" style=\"flex-basis:33.33%\"><figure style=\"width:100%;height:100%;\" class=\"wp-block-post-featured-image\"><a href=\"https:\/\/inovaitech.com\/es\/ai-futures-unleashing-automation-brilliance\/\" target=\"_self\"  style=\"height:100%\"><img loading=\"lazy\" decoding=\"async\" width=\"1024\" height=\"1024\" src=\"https:\/\/inovaitech.com\/wp-content\/uploads\/2025\/11\/create-an-abstract-concept-driven-featured-image-1763497815.png\" class=\"attachment-post-thumbnail size-post-thumbnail wp-post-image\" alt=\"AI Futures: Unleashing Automation Brilliance\" style=\"height:100%;object-fit:contain;\" srcset=\"https:\/\/inovaitech.com\/wp-content\/uploads\/2025\/11\/create-an-abstract-concept-driven-featured-image-1763497815.png 1024w, https:\/\/inovaitech.com\/wp-content\/uploads\/2025\/11\/create-an-abstract-concept-driven-featured-image-1763497815-300x300.png 300w, https:\/\/inovaitech.com\/wp-content\/uploads\/2025\/11\/create-an-abstract-concept-driven-featured-image-1763497815-150x150.png 150w, https:\/\/inovaitech.com\/wp-content\/uploads\/2025\/11\/create-an-abstract-concept-driven-featured-image-1763497815-768x768.png 768w, https:\/\/inovaitech.com\/wp-content\/uploads\/2025\/11\/create-an-abstract-concept-driven-featured-image-1763497815-12x12.png 12w\" sizes=\"auto, (max-width: 1024px) 100vw, 1024px\" \/><\/a><\/figure><\/div>\n\n\n\n<div class=\"wp-block-column is-vertically-aligned-center is-layout-flow wp-block-column-is-layout-flow\" style=\"flex-basis:66.66%\"><h2 class=\"wp-block-post-title\"><a href=\"https:\/\/inovaitech.com\/es\/ai-futures-unleashing-automation-brilliance\/\" target=\"_self\" >Futuros de la IA: Desatando la brillantez de la automatizaci\u00f3n<\/a><\/h2>\n\n<div class=\"wp-block-post-excerpt\"><p class=\"wp-block-post-excerpt__excerpt\">En un mundo repleto de posibilidades de IA y automatizaci\u00f3n, el futuro ofrece un potencial ilimitado de innovaci\u00f3n brillante y eficiencia. Bienvenidos al emocionante panorama donde la tecnolog\u00eda nos impulsa a un mundo de oportunidades y crecimiento ilimitados.<\/p><p class=\"wp-block-post-excerpt__more-text\"><a class=\"wp-block-post-excerpt__more-link\" href=\"https:\/\/inovaitech.com\/es\/ai-futures-unleashing-automation-brilliance\/\"><br>Leer m\u00e1s\u2026<\/a><\/p><\/div><\/div>\n<\/div>\n\n<\/li><\/ul><\/div>\n\n\n\n<div class=\"wp-block-group\"><div class=\"wp-block-group__inner-container is-layout-constrained wp-block-group-is-layout-constrained\">\n<div class=\"wp-block-buttons is-horizontal is-content-justification-center is-layout-flex wp-container-core-buttons-is-layout-499968f5 wp-block-buttons-is-layout-flex\" style=\"border-style:none;border-width:0px;border-radius:0px\">\n<div class=\"wp-block-button\"><a class=\"wp-block-button__link wp-element-button\" href=\"\/es\/category\/ai-tools\/\" style=\"border-radius:100px\">Herramientas de inteligencia artificial<\/a><\/div>\n\n\n\n<div class=\"wp-block-button\"><a class=\"wp-block-button__link wp-element-button\" href=\"\/es\/category\/productivity\/\" style=\"border-radius:100px\">Productividad<\/a><\/div>\n\n\n\n<div class=\"wp-block-button\"><a class=\"wp-block-button__link wp-element-button\" href=\"\/es\/category\/guides\/\" style=\"border-radius:100px\">Gu\u00edas<\/a><\/div>\n\n\n\n<div class=\"wp-block-button\"><a class=\"wp-block-button__link wp-element-button\" href=\"\/es\/category\/news\/\" style=\"border-radius:100px\">Noticias<\/a><\/div>\n\n\n\n<div class=\"wp-block-button\"><a class=\"wp-block-button__link wp-element-button\" href=\"\/es\/category\/technology\/\" style=\"border-radius:90px\">Tecnolog\u00eda<\/a><\/div>\n<\/div>\n<\/div><\/div>\n\n\n\n<p><\/p>\n<div class=\"inova-despues-del-contenido\" id=\"inova-87166444\"><script async src=\"\/\/pagead2.googlesyndication.com\/pagead\/js\/adsbygoogle.js?client=ca-pub-3819610652573424\" crossorigin=\"anonymous\"><\/script><ins class=\"adsbygoogle\" style=\"display:block;\" data-ad-client=\"ca-pub-3819610652573424\" \ndata-ad-slot=\"9511832660\" \ndata-ad-format=\"auto\"><\/ins>\n<script> \n(adsbygoogle = window.adsbygoogle || []).push({}); \n<\/script>\n<\/div>","protected":false},"excerpt":{"rendered":"<p>InovAItech: Exploring the Future of Artificial Intelligence and Technology Welcome to InovAItech \u2014 a space where curiosity meets innovation. Our goal is to make artificial intelligence, technology, and innovation accessible to everyone. Here, you\u2019ll discover stories, tools, and breakthroughs that are shaping the digital world and redefining how we live, learn, and create. Discover the [&hellip;]<\/p>","protected":false},"author":1,"featured_media":0,"parent":0,"menu_order":0,"comment_status":"closed","ping_status":"closed","template":"","meta":{"neve_meta_sidebar":"","neve_meta_container":"","neve_meta_enable_content_width":"off","neve_meta_content_width":46,"neve_meta_title_alignment":"left","neve_meta_author_avatar":"","neve_post_elements_order":"","neve_meta_disable_header":"off","neve_meta_disable_footer":"on","neve_meta_disable_title":"on","footnotes":""},"class_list":["post-42","page","type-page","status-publish","hentry"],"_hostinger_reach_plugin_has_subscription_block":false,"_hostinger_reach_plugin_is_elementor":false,"_links":{"self":[{"href":"https:\/\/inovaitech.com\/es\/wp-json\/wp\/v2\/pages\/42","targetHints":{"allow":["GET"]}}],"collection":[{"href":"https:\/\/inovaitech.com\/es\/wp-json\/wp\/v2\/pages"}],"about":[{"href":"https:\/\/inovaitech.com\/es\/wp-json\/wp\/v2\/types\/page"}],"author":[{"embeddable":true,"href":"https:\/\/inovaitech.com\/es\/wp-json\/wp\/v2\/users\/1"}],"replies":[{"embeddable":true,"href":"https:\/\/inovaitech.com\/es\/wp-json\/wp\/v2\/comments?post=42"}],"version-history":[{"count":55,"href":"https:\/\/inovaitech.com\/es\/wp-json\/wp\/v2\/pages\/42\/revisions"}],"predecessor-version":[{"id":589,"href":"https:\/\/inovaitech.com\/es\/wp-json\/wp\/v2\/pages\/42\/revisions\/589"}],"wp:attachment":[{"href":"https:\/\/inovaitech.com\/es\/wp-json\/wp\/v2\/media?parent=42"}],"curies":[{"name":"wp","href":"https:\/\/api.w.org\/{rel}","templated":true}]}}