{"id":34,"date":"2025-10-08T19:53:49","date_gmt":"2025-10-08T19:53:49","guid":{"rendered":"https:\/\/inovaitech.com\/?page_id=34"},"modified":"2025-10-08T19:53:51","modified_gmt":"2025-10-08T19:53:51","slug":"privacy-policy-2","status":"publish","type":"page","link":"https:\/\/inovaitech.com\/es\/privacy-policy-2\/","title":{"rendered":"pol\u00edtica de privacidad"},"content":{"rendered":"<p>Esta Pol\u00edtica de Privacidad explica c\u00f3mo <strong>Tecnolog\u00eda InovAI<\/strong> recopila, utiliza y protege sus datos personales cuando visita nuestro sitio web.<\/p>\n\n\n\n<h3 class=\"wp-block-heading\">Informaci\u00f3n que recopilamos<\/h3>\n\n\n\n<p>Recopilamos autom\u00e1ticamente informaci\u00f3n b\u00e1sica, como direcciones IP, tipos de navegador y duraci\u00f3n de las visitas, para analizar el rendimiento del sitio web. Tambi\u00e9n utilizamos cookies para personalizar tu experiencia y mostrar anuncios relevantes a trav\u00e9s de <strong>Google AdSense<\/strong>.<\/p><div class=\"inova-contenido\" id=\"inova-183621284\"><script async src=\"\/\/pagead2.googlesyndication.com\/pagead\/js\/adsbygoogle.js?client=ca-pub-3819610652573424\" crossorigin=\"anonymous\"><\/script><ins class=\"adsbygoogle\" style=\"display:block; text-align:center;\" data-ad-client=\"ca-pub-3819610652573424\" \ndata-ad-slot=\"7238266388\" \ndata-ad-layout=\"in-article\"\ndata-ad-format=\"fluid\"><\/ins>\n<script> \n(adsbygoogle = window.adsbygoogle || []).push({}); \n<\/script>\n<\/div>\n\n\n\n<h3 class=\"wp-block-heading\">C\u00f3mo usamos la informaci\u00f3n<\/h3>\n\n\n\n<p>La informaci\u00f3n que recopilamos se utiliza para:<\/p>\n\n\n\n<ul class=\"wp-block-list\">\n<li>Mejorar el contenido del sitio web y la experiencia del usuario<\/li>\n\n\n\n<li>Mostrar anuncios personalizados a trav\u00e9s de <strong>Google AdSense<\/strong> y <strong>Google Analytics<\/strong><\/li>\n<\/ul>\n\n\n\n<h3 class=\"wp-block-heading\">Consentimiento y cookies<\/h3>\n\n\n\n<p>Al utilizar nuestro sitio web, usted acepta el uso de cookies tal y como se describe en el mensaje de consentimiento mostrado por Google.<br>Podr\u00e1s gestionar o retirar tu consentimiento en cualquier momento.<\/p>\n\n\n\n<h3 class=\"wp-block-heading\">Terceros<\/h3>\n\n\n\n<p>Trabajamos con socios de confianza como Google, que pueden utilizar cookies o identificadores para mostrar anuncios personalizados.<br>Para m\u00e1s detalles, lea el <a>Pol\u00edtica de privacidad de Google<\/a>.<\/p>\n\n\n\n<h3 class=\"wp-block-heading\">Contacto<\/h3>\n\n\n\n<p>Para preguntas relacionadas con la privacidad, puede contactarnos en:<br>\ud83d\udce7 <strong><a>privacidad@inovAItech.com<\/a><\/strong><\/p>\n\n\n\n<p><\/p>\n<div class=\"inova-despues-del-contenido\" id=\"inova-3115151828\"><script async src=\"\/\/pagead2.googlesyndication.com\/pagead\/js\/adsbygoogle.js?client=ca-pub-3819610652573424\" crossorigin=\"anonymous\"><\/script><ins class=\"adsbygoogle\" style=\"display:block;\" data-ad-client=\"ca-pub-3819610652573424\" \ndata-ad-slot=\"9511832660\" \ndata-ad-format=\"auto\"><\/ins>\n<script> \n(adsbygoogle = window.adsbygoogle || []).push({}); \n<\/script>\n<\/div>","protected":false},"excerpt":{"rendered":"<p>This Privacy Policy explains how InovAItech collects, uses, and protects your personal data when you visit our website. Information We Collect We automatically collect basic information such as IP addresses, browser types, and visit durations to analyze website performance. We also use cookies to personalize your experience and display relevant ads through Google AdSense. How&hellip;&nbsp;<a href=\"https:\/\/inovaitech.com\/es\/privacy-policy-2\/\" rel=\"bookmark\"><span class=\"screen-reader-text\">pol\u00edtica de privacidad<\/span><\/a><\/p>","protected":false},"author":1,"featured_media":0,"parent":0,"menu_order":0,"comment_status":"closed","ping_status":"closed","template":"","meta":{"neve_meta_sidebar":"","neve_meta_container":"","neve_meta_enable_content_width":"","neve_meta_content_width":0,"neve_meta_title_alignment":"","neve_meta_author_avatar":"","neve_post_elements_order":"","neve_meta_disable_header":"","neve_meta_disable_footer":"","neve_meta_disable_title":"","footnotes":""},"class_list":["post-34","page","type-page","status-publish","hentry"],"_hostinger_reach_plugin_has_subscription_block":false,"_hostinger_reach_plugin_is_elementor":false,"_links":{"self":[{"href":"https:\/\/inovaitech.com\/es\/wp-json\/wp\/v2\/pages\/34","targetHints":{"allow":["GET"]}}],"collection":[{"href":"https:\/\/inovaitech.com\/es\/wp-json\/wp\/v2\/pages"}],"about":[{"href":"https:\/\/inovaitech.com\/es\/wp-json\/wp\/v2\/types\/page"}],"author":[{"embeddable":true,"href":"https:\/\/inovaitech.com\/es\/wp-json\/wp\/v2\/users\/1"}],"replies":[{"embeddable":true,"href":"https:\/\/inovaitech.com\/es\/wp-json\/wp\/v2\/comments?post=34"}],"version-history":[{"count":1,"href":"https:\/\/inovaitech.com\/es\/wp-json\/wp\/v2\/pages\/34\/revisions"}],"predecessor-version":[{"id":35,"href":"https:\/\/inovaitech.com\/es\/wp-json\/wp\/v2\/pages\/34\/revisions\/35"}],"wp:attachment":[{"href":"https:\/\/inovaitech.com\/es\/wp-json\/wp\/v2\/media?parent=34"}],"curies":[{"name":"wp","href":"https:\/\/api.w.org\/{rel}","templated":true}]}}