{"id":26,"date":"2025-10-08T19:48:59","date_gmt":"2025-10-08T19:48:59","guid":{"rendered":"https:\/\/inovaitech.com\/?page_id=26"},"modified":"2025-10-08T19:49:01","modified_gmt":"2025-10-08T19:49:01","slug":"about-inovaitech","status":"publish","type":"page","link":"https:\/\/inovaitech.com\/es\/about-inovaitech\/","title":{"rendered":"Acerca de inovAItech"},"content":{"rendered":"<p>En <strong>Tecnolog\u00eda InovAI<\/strong>Creemos que la inteligencia artificial y la tecnolog\u00eda son las fuerzas impulsoras detr\u00e1s de un futuro m\u00e1s inteligente y eficiente.<\/p>\n\n\n\n<p>Nuestra misi\u00f3n es ofrecer contenido claro, pr\u00e1ctico y confiable sobre herramientas de IA, automatizaci\u00f3n e innovaci\u00f3n, ayudando a estudiantes, profesionales y creadores a aprovechar al m\u00e1ximo la tecnolog\u00eda en su vida cotidiana.<\/p><div class=\"inova-contenido\" id=\"inova-2427061346\"><script async src=\"\/\/pagead2.googlesyndication.com\/pagead\/js\/adsbygoogle.js?client=ca-pub-3819610652573424\" crossorigin=\"anonymous\"><\/script><ins class=\"adsbygoogle\" style=\"display:block; text-align:center;\" data-ad-client=\"ca-pub-3819610652573424\" \ndata-ad-slot=\"7238266388\" \ndata-ad-layout=\"in-article\"\ndata-ad-format=\"fluid\"><\/ins>\n<script> \n(adsbygoogle = window.adsbygoogle || []).push({}); \n<\/script>\n<\/div>\n\n\n\n<p>Cada art\u00edculo publicado en InovAItech est\u00e1 impulsado por inteligencia artificial y se revisa cuidadosamente para garantizar su precisi\u00f3n, claridad y valor.<\/p>\n\n\n\n<p>Nos apasiona la innovaci\u00f3n digital y creemos que el conocimiento debe ser accesible para todos.<\/p>\n\n\n\n<p>Bienvenido a InovAItech: su fuente confiable de informaci\u00f3n, herramientas y soluciones impulsadas por IA.<\/p>\n\n\n\n<p><\/p>\n<div class=\"inova-despues-del-contenido\" id=\"inova-1845227159\"><script async src=\"\/\/pagead2.googlesyndication.com\/pagead\/js\/adsbygoogle.js?client=ca-pub-3819610652573424\" crossorigin=\"anonymous\"><\/script><ins class=\"adsbygoogle\" style=\"display:block;\" data-ad-client=\"ca-pub-3819610652573424\" \ndata-ad-slot=\"9511832660\" \ndata-ad-format=\"auto\"><\/ins>\n<script> \n(adsbygoogle = window.adsbygoogle || []).push({}); \n<\/script>\n<\/div>","protected":false},"excerpt":{"rendered":"<p>At InovAItech, we believe that artificial intelligence and technology are the driving forces behind a smarter, more efficient future. Our mission is to deliver clear, practical, and reliable content about AI tools, automation, and innovation \u2014 helping students, professionals, and creators make the most of technology in their everyday lives. Every article published on InovAItech&hellip;&nbsp;<a href=\"https:\/\/inovaitech.com\/es\/about-inovaitech\/\" rel=\"bookmark\"><span class=\"screen-reader-text\">Acerca de inovAItech<\/span><\/a><\/p>","protected":false},"author":1,"featured_media":0,"parent":0,"menu_order":0,"comment_status":"closed","ping_status":"closed","template":"","meta":{"neve_meta_sidebar":"","neve_meta_container":"","neve_meta_enable_content_width":"","neve_meta_content_width":0,"neve_meta_title_alignment":"","neve_meta_author_avatar":"","neve_post_elements_order":"","neve_meta_disable_header":"","neve_meta_disable_footer":"","neve_meta_disable_title":"","footnotes":""},"class_list":["post-26","page","type-page","status-publish","hentry"],"_hostinger_reach_plugin_has_subscription_block":false,"_hostinger_reach_plugin_is_elementor":false,"_links":{"self":[{"href":"https:\/\/inovaitech.com\/es\/wp-json\/wp\/v2\/pages\/26","targetHints":{"allow":["GET"]}}],"collection":[{"href":"https:\/\/inovaitech.com\/es\/wp-json\/wp\/v2\/pages"}],"about":[{"href":"https:\/\/inovaitech.com\/es\/wp-json\/wp\/v2\/types\/page"}],"author":[{"embeddable":true,"href":"https:\/\/inovaitech.com\/es\/wp-json\/wp\/v2\/users\/1"}],"replies":[{"embeddable":true,"href":"https:\/\/inovaitech.com\/es\/wp-json\/wp\/v2\/comments?post=26"}],"version-history":[{"count":1,"href":"https:\/\/inovaitech.com\/es\/wp-json\/wp\/v2\/pages\/26\/revisions"}],"predecessor-version":[{"id":27,"href":"https:\/\/inovaitech.com\/es\/wp-json\/wp\/v2\/pages\/26\/revisions\/27"}],"wp:attachment":[{"href":"https:\/\/inovaitech.com\/es\/wp-json\/wp\/v2\/media?parent=26"}],"curies":[{"name":"wp","href":"https:\/\/api.w.org\/{rel}","templated":true}]}}